{"id":967,"date":"2024-09-03T08:03:10","date_gmt":"2024-09-03T05:03:10","guid":{"rendered":"http:\/\/selinakdeniz.com\/?page_id=967"},"modified":"2024-12-04T19:42:29","modified_gmt":"2024-12-04T16:42:29","slug":"selin-akdeniz-in-the-media","status":"publish","type":"page","link":"https:\/\/selinakdeniz.com\/en\/selin-akdeniz-in-the-media\/","title":{"rendered":"Selin Akdeniz in the media"},"content":{"rendered":"\n<h1 class=\"wp-block-heading\"><bdo lang=\"en\" dir=\"ltr\">Selin Akdeniz in the media<\/bdo><\/h1>\n\n\n\n<p><a href=\"https:\/\/muzikonair.com\/selin-akdeniz-bu-huzurlu-yuvada-yayinda\/\" target=\"_blank\" rel=\"noreferrer noopener\">M\u00fczik Onair<\/a><\/p>\n\n\n\n<p><a href=\"http:\/\/selinakdeniz.com\/wp-content\/uploads\/2024\/10\/Hurriyet-Kelebek-17-Ekim-2024-Selin-Akdeniz-Bu-Huzurlu-Yuvada-Haberi-scaled.jpeg\" target=\"_blank\" rel=\"noreferrer noopener\">H\u00fcrriyet Kelebek<\/a><\/p>\n\n\n\n<p><a href=\"https:\/\/www.milliyet.com.tr\/cadde\/ninniye-farkli-yorum-6262018\" target=\"_blank\" rel=\"noopener\">Milliyet Cadde<\/a><\/p>\n\n\n\n<p><a href=\"https:\/\/sanatokur.com\/selin-akdenizin-yeni-sarkisi-bu-huzurlu-yuvada-yayinda\/\" target=\"_blank\" rel=\"noreferrer noopener\">Sanat Okur<\/a><\/p>\n\n\n\n<p><a href=\"http:\/\/www.muzikekspres.com\/selin-akdeniz-bu-huzurlu-yuvada\/\" target=\"_blank\" rel=\"noreferrer noopener\">M\u00fczik Ekspres<\/a><\/p>\n\n\n\n<p><a href=\"https:\/\/www.aydinkulis.com\/aydinli-sanatci-bu-huzurlu-yuvada-ile-muzikseverlerle-bulustu\" target=\"_blank\" rel=\"noreferrer noopener\">Ayd\u0131n Kulis<\/a><\/p>\n\n\n\n<p><a href=\"https:\/\/www.rotka.org\/selin-akdenizden-icsel-bir-yolculugun-iyilesmenin-sarkisi-beni-anlar-gozlerin-yayinda\/\" target=\"_blank\" rel=\"noreferrer noopener\">Rokta<\/a><\/p>\n\n\n\n<p><a href=\"https:\/\/www.aydinhedef.com.tr\/nazillili-muzisyenden-yeni-sarki-dinleyicilerinden-tam-not-aldi\" target=\"_blank\" rel=\"noreferrer noopener\">Ayd\u0131n Hedef<\/a><\/p>\n\n\n\n<p><a href=\"http:\/\/selinakdeniz.com\/wp-content\/uploads\/2023\/10\/Selin-Akdeniz-Once-Vatan.jpeg\">\u00d6nce Vatan<\/a><\/p>\n\n\n\n<p><a href=\"http:\/\/selinakdeniz.com\/wp-content\/uploads\/2023\/10\/Selin-Akdeniz-Hurriyet-Kelebek-10-Ekim-2023.jpg\" data-type=\"link\" data-id=\"http:\/\/selinakdeniz.com\/wp-content\/uploads\/2023\/10\/Selin-Akdeniz-Hurriyet-Kelebek-10-Ekim-2023.jpg\">H\u00fcrriyet Kelebek<\/a><\/p>\n\n\n\n<p><a href=\"http:\/\/www.muzikekspres.com\/index.php\/selin-akdeniz-beni-anlar-gozlerin\/\" data-type=\"link\" data-id=\"http:\/\/www.muzikekspres.com\/index.php\/selin-akdeniz-beni-anlar-gozlerin\/\" target=\"_blank\" rel=\"noopener\">M\u00fczik Ekspres<\/a><\/p>\n\n\n\n<p><a href=\"https:\/\/eksisozluk.com\/entry\/157754394\" target=\"_blank\" rel=\"noopener\">Ek\u015fi S\u00f6zl\u00fck<\/a><\/p>\n\n\n\n<p><a href=\"https:\/\/www.murekkephaber.com\/selin-akdeniz-den-yeni-album-beni-anlar-gozlerin\/16263\/\" data-type=\"link\" data-id=\"https:\/\/www.murekkephaber.com\/selin-akdeniz-den-yeni-album-beni-anlar-gozlerin\/16263\/\" target=\"_blank\" rel=\"noopener\">M\u00fcrekkep Haber<\/a><\/p>\n\n\n\n<p><a href=\"https:\/\/evosangels.com\/yayinlar\/kasim23\/#p=39\" target=\"_blank\" rel=\"noopener\">Evos Angels<\/a><\/p>\n\n\n\n<p><a href=\"https:\/\/magazinname.com\/selin-akdeniz-beni-anlar-gozlerin-adli-albumunu-muzikseverlerle-bulusturdu-h40702.html\" target=\"_blank\" rel=\"noopener\">Magazinname<\/a><\/p>\n\n\n\n<p><a href=\"https:\/\/www.turkuazhaberajansi.com\/selin-mzayek-ozgun-ninniler-albumuyle-muzik-dunyasinda\/\" data-type=\"link\" data-id=\"https:\/\/www.turkuazhaberajansi.com\/selin-mzayek-ozgun-ninniler-albumuyle-muzik-dunyasinda\/\" target=\"_blank\" rel=\"noopener\">T\u00fcrkuaz Haber Ajans\u0131<\/a><\/p>\n\n\n\n<p><a href=\"https:\/\/www.ajansegehaber.com\/haber\/selin-akdeniz-muzik-kariyerinde-emin-adimlarla-ilerliyor-9399\" target=\"_blank\" rel=\"noopener\">Ajans Ege Haber<\/a><\/p>\n\n\n\n<p><a href=\"http:\/\/selinakdeniz.com\/wp-content\/uploads\/2023\/11\/Selin-Akdeni-Ses-Gazetesi.jpeg\">Ses Gazetesi<\/a><\/p>\n\n\n\n<p><a href=\"https:\/\/www.sesgazetesi.com.tr\/haber\/17498404\/aydinli-muzisyenden-ikinci-album\" target=\"_blank\" rel=\"noopener\">Ses Gazetesi (\u00c7evrimi\u00e7i)<\/a><\/p>\n\n\n\n<p><a href=\"https:\/\/yenisokegazetesi.com\/haber\/17500662\/aydinli-muzisyenin-basari-hikayesi-sohrete-adim-adim\" target=\"_blank\" rel=\"noopener\">Yeni S\u00f6ke Gazetesi<\/a><\/p>\n\n\n\n<p><a href=\"https:\/\/www.yenikiroba.com\/nazillili-muzisyenden-yeni-album\" target=\"_blank\" rel=\"noopener\">Yeni K\u0131robas\u0131<\/a><\/p>\n\n\n\n<p><a href=\"https:\/\/www.sondakika-24.com\/selin-akdeniz-muzik-kariyerinde-emin-adimlarla-ilerliyor\" target=\"_blank\" rel=\"noopener\">Son Dakika 24<\/a><\/p>\n\n\n\n<p><a href=\"https:\/\/www.nazilliadalet.com\/haber\/17517088\/nazillili-muzisyenden-2-album\" target=\"_blank\" rel=\"noopener\">Nazilli Adalet Gazetesi<\/a><\/p>\n\n\n\n<p><a href=\"https:\/\/www.habergazetesi.com.tr\/selin-akdeniz-muzik-kariyerinde-emin-adimlarla-ilerliyor\" target=\"_blank\" rel=\"noopener\">Haber Gazetesi<\/a><\/p>\n\n\n\n<p><a href=\"https:\/\/ajanspressturk.com\/selin-akdeniz-muzik-kariyerinde-emin-adimlarla-ilerliyor-h7444.html\" target=\"_blank\" rel=\"noopener\">Ajans Press T\u00fcrkiye<\/a><\/p>\n\n\n\n<p><a href=\"https:\/\/aktuel10.com\/selin-akdeniz-muzik-kariyerinde-emin-adimlarla-ilerliyor-68761.html\" target=\"_blank\" rel=\"noopener\">Akt\u00fcel 10<\/a><\/p>\n\n\n\n<p><a href=\"https:\/\/akalitehaber.com\/selin-akdeniz-muzik-kariyerinde-emin-adimlarla-ilerliyor-h3947.html\" target=\"_blank\" rel=\"noopener\">A Kalite Haber<\/a><\/p>\n\n\n\n<p><a href=\"https:\/\/karmahaber.com.tr\/selin-akdeniz-muzik-kariyerinde-emin-adimlarla-ilerliyor-h499.html\" target=\"_blank\" rel=\"noopener\">Karma Haber<\/a><\/p>\n\n\n\n<p><a href=\"https:\/\/sanathaberi.com\/selin-akdeniz-muzik-kariyerinde-emin-adimlarla-ilerliyor-h2040.html\" target=\"_blank\" rel=\"noopener\">Sanat Haberi<\/a><\/p>\n\n\n\n<p><a href=\"https:\/\/magazinsepeti.com\/selin-akdeniz-muzik-kariyerinde-emin-adimlarla-ilerliyor-h1941.html\" target=\"_blank\" rel=\"noopener\">Magazin Sepeti<\/a><\/p>\n\n\n\n<p><a href=\"https:\/\/kultursanathaber.net\/selin-akdeniz-muzik-kariyerinde-emin-adimlarla-ilerliyor-h1846.html\" target=\"_blank\" rel=\"noopener\">K\u00fclt\u00fcr Sanat Haber<\/a><\/p>\n\n\n\n<p><a href=\"https:\/\/telekritik.com\/selin-akdeniz-muzik-kariyerinde-emin-adimlarla-ilerliyor-h1736.html\" target=\"_blank\" rel=\"noopener\">TELEkritik<\/a><\/p>\n\n\n\n<p><a href=\"https:\/\/tvhaberleri.net\/selin-akdeniz-muzik-kariyerinde-emin-adimlarla-ilerliyor-h10440.html\" target=\"_blank\" rel=\"noopener\">TV Haberleri<\/a><\/p>\n\n\n\n<p><a href=\"https:\/\/medyatikhaberler.net\/selin-akdeniz-muzik-kariyerinde-emin-adimlarla-ilerliyor-h3884.html\" target=\"_blank\" rel=\"noopener\">Medyatik Haberler<\/a><\/p>\n\n\n\n<p><a href=\"https:\/\/habernatural.com\/selin-akdeniz-muzik-kariyerinde-emin-adimlarla-ilerliyor-h3984.html\" target=\"_blank\" rel=\"noopener\">Haber Natural<\/a><\/p>\n\n\n\n<p><a href=\"https:\/\/gazetetan.net\/selin-akdeniz-muzik-kariyerinde-emin-adimlarla-ilerliyor-h3927.html\" target=\"_blank\" rel=\"noopener\">Gazete Tan<\/a><\/p>\n\n\n\n<p><a href=\"https:\/\/birhaber.net\/selin-akdeniz-muzik-kariyerinde-emin-adimlarla-ilerliyor.html\" target=\"_blank\" rel=\"noopener\">Bir Haber<\/a><\/p>\n\n\n\n<p><a href=\"https:\/\/sistematikhaber.com\/selin-akdeniz-muzik-kariyerinde-emin-adimlarla-ilerliyor-h3915.html\" target=\"_blank\" rel=\"noopener\">Sistematik Haber<\/a><\/p>\n\n\n\n<p><a href=\"https:\/\/urfaolay.com\/selin-akdeniz-muzik-kariyerinde-emin-adimlarla-ilerliyor-h8750.html\" target=\"_blank\" rel=\"noopener\">Urfa Olay<\/a><\/p>\n\n\n\n<p><a href=\"https:\/\/haberiniyaz.com\/selin-akdeniz-muzik-kariyerinde-emin-adimlarla-ilerliyor-h3780.html\" target=\"_blank\" rel=\"noopener\">Haberini Yaz<\/a><\/p>\n\n\n\n<p><a href=\"https:\/\/habertahtasi.com\/selin-akdeniz-muzik-kariyerinde-emin-adimlarla-ilerliyor-h3901.html\" target=\"_blank\" rel=\"noopener\">Haber Tahtas\u0131<\/a><\/p>\n\n\n\n<p><a href=\"https:\/\/habersonnokta.com\/selin-akdeniz-muzik-kariyerinde-emin-adimlarla-ilerliyor-h3805.html\" target=\"_blank\" rel=\"noopener\">Haber Son Nokta<\/a><\/p>\n\n\n\n<p><a href=\"https:\/\/habermeridyeni.com\/selin-akdeniz-muzik-kariyerinde-emin-adimlarla-ilerliyor-h3736.html\" target=\"_blank\" rel=\"noopener\">Haber Meridyeni<\/a><\/p>\n\n\n\n<p><a href=\"https:\/\/haberyeniay.com\/selin-akdeniz-muzik-kariyerinde-emin-adimlarla-ilerliyor-h3784.html\" target=\"_blank\" rel=\"noopener\">Haber Yeni Ay<\/a><\/p>\n\n\n\n<p><a href=\"https:\/\/desifrehaber.net\/selin-akdeniz-muzik-kariyerinde-emin-adimlarla-ilerliyor-5380.html\" target=\"_blank\" rel=\"noopener\">De\u015fifre Haber<\/a><\/p>\n\n\n\n<p><a href=\"https:\/\/safirhaber.com\/selin-akdeniz-muzik-kariyerinde-emin-adimlarla-ilerliyor-h71890.html\" target=\"_blank\" rel=\"noopener\">Safir Haber<\/a><\/p>\n\n\n\n<p><a href=\"https:\/\/haberr.net\/selin-akdeniz-muzik-kariyerinde-emin-adimlarla-ilerliyor\/\" target=\"_blank\" rel=\"noopener\">Haberr<\/a><\/p>\n\n\n\n<p><a href=\"https:\/\/haberilizim.com\/selin-akdeniz-muzik-kariyerinde-emin-adimlarla-ilerliyor-h4007.html\" target=\"_blank\" rel=\"noopener\">Haberilizim<\/a><\/p>\n\n\n\n<p><a href=\"https:\/\/magazinglobal.com\/selin-akdeniz-muzik-kariyerinde-emin-adimlarla-ilerliyor-h10470.html\" target=\"_blank\" rel=\"noopener\">Magazin Global<\/a><\/p>\n\n\n\n<p><a href=\"https:\/\/mansetlikhaber.com\/selin-akdeniz-muzik-kariyerinde-emin-adimlarla-ilerliyor-h3917.html\" target=\"_blank\" rel=\"noopener\">Man\u015fetlik Haber<\/a><\/p>\n\n\n\n<p><a href=\"https:\/\/magazingundemi.com\/selin-akdeniz-muzik-kariyerinde-emin-adimlarla-ilerliyor-h10404.html\" target=\"_blank\" rel=\"noopener\">Magazin G\u00fcndemi<\/a><\/p>\n\n\n\n<p><a href=\"https:\/\/tele10.net\/selin-akdeniz-muzik-kariyerinde-emin-adimlarla-ilerliyor-h10491.html\" target=\"_blank\" rel=\"noopener\">TELE10<\/a><\/p>\n\n\n\n<p><a href=\"https:\/\/cekicmagazin.com\/selin-akdeniz-muzik-kariyerinde-emin-adimlarla-ilerliyor\/\" target=\"_blank\" rel=\"noopener\">\u00c7eki\u00e7 Magazin<\/a><\/p>\n\n\n\n<p><a href=\"https:\/\/objektifmagazin.com\/2023\/10\/27\/selin-akdeniz-muzik-kariyerinde-emin-adimlarla-ilerliyor\/\" target=\"_blank\" rel=\"noopener\">Objektif Magazin<\/a><\/p>\n\n\n\n<p><a href=\"https:\/\/sonsayfa.com.tr\/selin-akdeniz-muzik-kariyerinde-emin-adimlarla-ilerliyor-h1042.html\" target=\"_blank\" rel=\"noopener\">Son Sayfa<\/a><\/p>\n\n\n\n<p><a href=\"https:\/\/sansursuz.com.tr\/selin-akdeniz-muzik-kariyerinde-emin-adimlarla-ilerliyor-h72215.html\" target=\"_blank\" rel=\"noopener\">Sans\u00fcrs\u00fcz<\/a><\/p>\n\n\n\n<p><a href=\"https:\/\/asabi.com.tr\/selin-akdeniz-muzik-kariyerinde-emin-adimlarla-ilerliyor-h1073.html\" target=\"_blank\" rel=\"noopener\">Asabi<\/a><\/p>\n\n\n\n<p><a href=\"https:\/\/yenigazete.com.tr\/selin-akdeniz-muzik-kariyerinde-emin-adimlarla-ilerliyor-h1348.html\" target=\"_blank\" rel=\"noopener\">Yeni Gazete<\/a><\/p>\n\n\n\n<p><a href=\"https:\/\/ilksaat.com.tr\/selin-akdeniz-muzik-kariyerinde-emin-adimlarla-ilerliyor-h1019.html\" target=\"_blank\" rel=\"noopener\">\u0130lk Saat<\/a><\/p>\n\n\n\n<p><a href=\"https:\/\/ilkgun.com.tr\/selin-akdeniz-muzik-kariyerinde-emin-adimlarla-ilerliyor-h1042.html\" target=\"_blank\" rel=\"noopener\">\u0130lk G\u00fcn<\/a><\/p>\n\n\n\n<p><a href=\"https:\/\/sanathaberleri.net\/selin-akdeniz-muzik-kariyerinde-emin-adimlarla-ilerliyor-h1850.html\" target=\"_blank\" rel=\"noopener\">Sanat Haberleri<\/a><\/p>\n\n\n\n<p><a href=\"https:\/\/dengehaber.com.tr\/selin-akdeniz-muzik-kariyerinde-emin-adimlarla-ilerliyor-h1694.html\" target=\"_blank\" rel=\"noopener\">Denge Haber<\/a><\/p>\n\n\n\n<p><a href=\"https:\/\/sonposta.net\/selin-akdeniz-muzik-kariyerinde-emin-adimlarla-ilerliyor-h528.html\" target=\"_blank\" rel=\"noopener\">Son Posta<\/a><\/p>\n\n\n\n<p><a href=\"https:\/\/harbigazete.com.tr\/selin-akdeniz-muzik-kariyerinde-emin-adimlarla-ilerliyor\" target=\"_blank\" rel=\"noopener\">Harbi Gazete<\/a><\/p>\n\n\n\n<p><a href=\"https:\/\/ekspresshaber.com.tr\/selin-akdeniz-muzik-kariyerinde-emin-adimlarla-ilerliyor-h1697.html\" target=\"_blank\" rel=\"noopener\">Ekspress Haber<\/a><\/p>\n\n\n\n<p><a href=\"https:\/\/hitithaber.com\/selin-akdeniz-muzik-kariyerinde-emin-adimlarla-ilerliyor\" target=\"_blank\" rel=\"noopener\">Hitit Haber<\/a><\/p>\n\n\n\n<p><a href=\"https:\/\/www.yurthaber61.com\/2023\/10\/27\/selin-akdeniz-muzik-kariyerinde-emin-adimlarla-ilerliyor\/\" target=\"_blank\" rel=\"noopener\">Yurt Haber 61<\/a><\/p>\n\n\n\n<p><a href=\"https:\/\/sayfahaber.com.tr\/selin-akdeniz-muzik-kariyerinde-emin-adimlarla-ilerliyor-h1691.html\" target=\"_blank\" rel=\"noopener\">Sayfa Haber<\/a><\/p>\n\n\n\n<p><a href=\"https:\/\/habergunaydin.com\/selin-akdeniz-muzik-kariyerinde-emin-adimlarla-ilerliyor-h536.html\" target=\"_blank\" rel=\"noopener\">Haber G\u00fcnayd\u0131n<\/a><\/p>\n\n\n\n<p><a href=\"https:\/\/www.haberdizayn.com\/selin-akdeniz-muzik-kariyerinde-emin-adimlarla-ilerliyor\" target=\"_blank\" rel=\"noopener\">Haber Dizayn<\/a><\/p>\n\n\n\n<p><a href=\"https:\/\/yer6.net\/selin-akdeniz-muzik-kariyerinde-emin-adimlarla-ilerliyor\/\" target=\"_blank\" rel=\"noopener\">Yer 6<\/a><\/p>\n\n\n\n<p><a href=\"https:\/\/odakhaber.com.tr\/selin-akdeniz-muzik-kariyerinde-emin-adimlarla-ilerliyor-h1682.html\" target=\"_blank\" rel=\"noopener\">Odak Haber<\/a><\/p>\n\n\n\n<h1 class=\"wp-block-heading\"><mark style=\"background-color:rgba(0, 0, 0, 0)\" class=\"has-inline-color has-theme-palette-2-color\"><bdo lang=\"en\" dir=\"ltr\">Interview<\/bdo><\/mark><\/h1>\n\n\n\n<p><a href=\"https:\/\/www.bikuble.com\/bagimsiz-sahne-114-yeni-ep-calismasi-beni-anlar-gozlerini-dinleyicilerle-bulusturan-selin-akdeniz-ile-bir-roportaj\" target=\"_blank\" rel=\"noopener\">bi&#8217;Kuble<\/a><\/p>\n\n\n\n<p><a href=\"http:\/\/selinakdeniz.com\/wp-content\/uploads\/2024\/12\/Anka-Dergi-Selin-Akdeniz.pdf\" target=\"_blank\" rel=\"noreferrer noopener\">Anka Dergi<\/a><\/p>\n","protected":false},"excerpt":{"rendered":"<p>Selin Akdeniz in the media M\u00fczik Onair H\u00fcrriyet Kelebek Milliyet Cadde Sanat Okur M\u00fczik Ekspres Ayd\u0131n Kulis Rokta Ayd\u0131n Hedef \u00d6nce Vatan H\u00fcrriyet Kelebek M\u00fczik Ekspres Ek\u015fi S\u00f6zl\u00fck M\u00fcrekkep Haber Evos Angels Magazinname T\u00fcrkuaz Haber Ajans\u0131 Ajans Ege Haber Ses Gazetesi Ses Gazetesi (\u00c7evrimi\u00e7i) Yeni S\u00f6ke Gazetesi Yeni K\u0131robas\u0131 Son Dakika 24 Nazilli Adalet Gazetesi&#8230;<\/p>\n","protected":false},"author":1,"featured_media":0,"parent":0,"menu_order":0,"comment_status":"closed","ping_status":"closed","template":"","meta":{"_kad_blocks_custom_css":"","_kad_blocks_head_custom_js":"","_kad_blocks_body_custom_js":"","_kad_blocks_footer_custom_js":"","_kad_post_transparent":"","_kad_post_title":"","_kad_post_layout":"","_kad_post_sidebar_id":"","_kad_post_content_style":"","_kad_post_vertical_padding":"","_kad_post_feature":"","_kad_post_feature_position":"","_kad_post_header":true,"_kad_post_footer":false,"_kad_post_classname":"","footnotes":""},"class_list":["post-967","page","type-page","status-publish","hentry"],"taxonomy_info":[],"featured_image_src_large":false,"author_info":{"display_name":"ghaith.mzayek@gmail.com","author_link":"https:\/\/selinakdeniz.com\/en\/author\/ghaith-mzayekgmail-com\/"},"comment_info":0,"_links":{"self":[{"href":"https:\/\/selinakdeniz.com\/en\/wp-json\/wp\/v2\/pages\/967","targetHints":{"allow":["GET"]}}],"collection":[{"href":"https:\/\/selinakdeniz.com\/en\/wp-json\/wp\/v2\/pages"}],"about":[{"href":"https:\/\/selinakdeniz.com\/en\/wp-json\/wp\/v2\/types\/page"}],"author":[{"embeddable":true,"href":"https:\/\/selinakdeniz.com\/en\/wp-json\/wp\/v2\/users\/1"}],"replies":[{"embeddable":true,"href":"https:\/\/selinakdeniz.com\/en\/wp-json\/wp\/v2\/comments?post=967"}],"version-history":[{"count":0,"href":"https:\/\/selinakdeniz.com\/en\/wp-json\/wp\/v2\/pages\/967\/revisions"}],"wp:attachment":[{"href":"https:\/\/selinakdeniz.com\/en\/wp-json\/wp\/v2\/media?parent=967"}],"curies":[{"name":"wp","href":"https:\/\/api.w.org\/{rel}","templated":true}]}}